{"id":56,"date":"2021-03-20T17:28:14","date_gmt":"2021-03-20T16:28:14","guid":{"rendered":"https:\/\/www.ragdoll-liebe.de\/?page_id=56"},"modified":"2023-07-18T11:38:09","modified_gmt":"2023-07-18T09:38:09","slug":"impressum","status":"publish","type":"page","link":"https:\/\/www.ragdoll-liebe.de\/index.php\/impressum\/","title":{"rendered":"Impressum"},"content":{"rendered":"\n<p><strong>Kontakt<\/strong><\/p>\n\n\n\n<div class=\"wp-block-group is-vertical is-layout-flex wp-container-core-group-is-layout-8cf370e7 wp-block-group-is-layout-flex\">\n<p>Anna K\u00f6ster<\/p>\n\n\n\n<p>Schulstra\u00dfe 40<\/p>\n\n\n\n<p>45770 Marl <\/p>\n<\/div>\n\n\n\n<p><\/p>\n\n\n\n<p><strong>F\u00fcr Fragen und Kooperationen<\/strong><\/p>\n\n\n\n<p>ragdoll-liebe@gmx.de<\/p>\n","protected":false},"excerpt":{"rendered":"<p>Kontakt Anna K\u00f6ster Schulstra\u00dfe 40 45770 Marl F\u00fcr Fragen und Kooperationen ragdoll-liebe@gmx.de<\/p>\n","protected":false},"author":1,"featured_media":0,"parent":0,"menu_order":10,"comment_status":"closed","ping_status":"closed","template":"","meta":{"om_disable_all_campaigns":false,"footnotes":""},"class_list":["post-56","page","type-page","status-publish","hentry"],"yoast_head":"<!-- This site is optimized with the Yoast SEO plugin v20.11 - https:\/\/yoast.com\/wordpress\/plugins\/seo\/ -->\n<title>Impressum | Ragdoll Liebe<\/title>\n<meta name=\"robots\" content=\"index, follow, max-snippet:-1, max-image-preview:large, max-video-preview:-1\" \/>\n<link rel=\"canonical\" href=\"https:\/\/www.ragdoll-liebe.de\/index.php\/impressum\/\" \/>\n<meta property=\"og:locale\" content=\"de_DE\" \/>\n<meta property=\"og:type\" content=\"article\" \/>\n<meta property=\"og:title\" content=\"Impressum | Ragdoll Liebe\" \/>\n<meta property=\"og:description\" content=\"Kontakt Anna K\u00f6ster Schulstra\u00dfe 40 45770 Marl F\u00fcr Fragen und Kooperationen ragdoll-liebe@gmx.de\" \/>\n<meta property=\"og:url\" content=\"https:\/\/www.ragdoll-liebe.de\/index.php\/impressum\/\" \/>\n<meta property=\"og:site_name\" content=\"Ragdoll Liebe\" \/>\n<meta property=\"article:modified_time\" content=\"2023-07-18T09:38:09+00:00\" \/>\n<meta name=\"twitter:card\" content=\"summary_large_image\" \/>\n<script type=\"application\/ld+json\" class=\"yoast-schema-graph\">{\"@context\":\"https:\/\/schema.org\",\"@graph\":[{\"@type\":\"WebPage\",\"@id\":\"https:\/\/www.ragdoll-liebe.de\/index.php\/impressum\/\",\"url\":\"https:\/\/www.ragdoll-liebe.de\/index.php\/impressum\/\",\"name\":\"Impressum | Ragdoll Liebe\",\"isPartOf\":{\"@id\":\"https:\/\/www.ragdoll-liebe.de\/#website\"},\"datePublished\":\"2021-03-20T16:28:14+00:00\",\"dateModified\":\"2023-07-18T09:38:09+00:00\",\"breadcrumb\":{\"@id\":\"https:\/\/www.ragdoll-liebe.de\/index.php\/impressum\/#breadcrumb\"},\"inLanguage\":\"de\",\"potentialAction\":[{\"@type\":\"ReadAction\",\"target\":[\"https:\/\/www.ragdoll-liebe.de\/index.php\/impressum\/\"]}]},{\"@type\":\"BreadcrumbList\",\"@id\":\"https:\/\/www.ragdoll-liebe.de\/index.php\/impressum\/#breadcrumb\",\"itemListElement\":[{\"@type\":\"ListItem\",\"position\":1,\"name\":\"Startseite\",\"item\":\"https:\/\/www.ragdoll-liebe.de\/\"},{\"@type\":\"ListItem\",\"position\":2,\"name\":\"Impressum\"}]},{\"@type\":\"WebSite\",\"@id\":\"https:\/\/www.ragdoll-liebe.de\/#website\",\"url\":\"https:\/\/www.ragdoll-liebe.de\/\",\"name\":\"Ragdoll Liebe\",\"description\":\"Infos und Tipps f\u00fcr die Ragdoll Katze\",\"publisher\":{\"@id\":\"https:\/\/www.ragdoll-liebe.de\/#\/schema\/person\/c48de07e25ca935ecfa29f1a9b128d45\"},\"potentialAction\":[{\"@type\":\"SearchAction\",\"target\":{\"@type\":\"EntryPoint\",\"urlTemplate\":\"https:\/\/www.ragdoll-liebe.de\/?s={search_term_string}\"},\"query-input\":\"required name=search_term_string\"}],\"inLanguage\":\"de\"},{\"@type\":[\"Person\",\"Organization\"],\"@id\":\"https:\/\/www.ragdoll-liebe.de\/#\/schema\/person\/c48de07e25ca935ecfa29f1a9b128d45\",\"name\":\"Sieanna\",\"image\":{\"@type\":\"ImageObject\",\"inLanguage\":\"de\",\"@id\":\"https:\/\/www.ragdoll-liebe.de\/#\/schema\/person\/image\/\",\"url\":\"https:\/\/secure.gravatar.com\/avatar\/3b7570659f7c7241bfc1a7a647df5730232376df67bad76790bf02f9b9c3bc44?s=96&d=mm&r=g\",\"contentUrl\":\"https:\/\/secure.gravatar.com\/avatar\/3b7570659f7c7241bfc1a7a647df5730232376df67bad76790bf02f9b9c3bc44?s=96&d=mm&r=g\",\"caption\":\"Sieanna\"},\"logo\":{\"@id\":\"https:\/\/www.ragdoll-liebe.de\/#\/schema\/person\/image\/\"},\"sameAs\":[\"https:\/\/www.ragdoll-liebe.de\"]}]}<\/script>\n<!-- \/ Yoast SEO plugin. -->","yoast_head_json":{"title":"Impressum | Ragdoll Liebe","robots":{"index":"index","follow":"follow","max-snippet":"max-snippet:-1","max-image-preview":"max-image-preview:large","max-video-preview":"max-video-preview:-1"},"canonical":"https:\/\/www.ragdoll-liebe.de\/index.php\/impressum\/","og_locale":"de_DE","og_type":"article","og_title":"Impressum | Ragdoll Liebe","og_description":"Kontakt Anna K\u00f6ster Schulstra\u00dfe 40 45770 Marl F\u00fcr Fragen und Kooperationen ragdoll-liebe@gmx.de","og_url":"https:\/\/www.ragdoll-liebe.de\/index.php\/impressum\/","og_site_name":"Ragdoll Liebe","article_modified_time":"2023-07-18T09:38:09+00:00","twitter_card":"summary_large_image","schema":{"@context":"https:\/\/schema.org","@graph":[{"@type":"WebPage","@id":"https:\/\/www.ragdoll-liebe.de\/index.php\/impressum\/","url":"https:\/\/www.ragdoll-liebe.de\/index.php\/impressum\/","name":"Impressum | Ragdoll Liebe","isPartOf":{"@id":"https:\/\/www.ragdoll-liebe.de\/#website"},"datePublished":"2021-03-20T16:28:14+00:00","dateModified":"2023-07-18T09:38:09+00:00","breadcrumb":{"@id":"https:\/\/www.ragdoll-liebe.de\/index.php\/impressum\/#breadcrumb"},"inLanguage":"de","potentialAction":[{"@type":"ReadAction","target":["https:\/\/www.ragdoll-liebe.de\/index.php\/impressum\/"]}]},{"@type":"BreadcrumbList","@id":"https:\/\/www.ragdoll-liebe.de\/index.php\/impressum\/#breadcrumb","itemListElement":[{"@type":"ListItem","position":1,"name":"Startseite","item":"https:\/\/www.ragdoll-liebe.de\/"},{"@type":"ListItem","position":2,"name":"Impressum"}]},{"@type":"WebSite","@id":"https:\/\/www.ragdoll-liebe.de\/#website","url":"https:\/\/www.ragdoll-liebe.de\/","name":"Ragdoll Liebe","description":"Infos und Tipps f\u00fcr die Ragdoll Katze","publisher":{"@id":"https:\/\/www.ragdoll-liebe.de\/#\/schema\/person\/c48de07e25ca935ecfa29f1a9b128d45"},"potentialAction":[{"@type":"SearchAction","target":{"@type":"EntryPoint","urlTemplate":"https:\/\/www.ragdoll-liebe.de\/?s={search_term_string}"},"query-input":"required name=search_term_string"}],"inLanguage":"de"},{"@type":["Person","Organization"],"@id":"https:\/\/www.ragdoll-liebe.de\/#\/schema\/person\/c48de07e25ca935ecfa29f1a9b128d45","name":"Sieanna","image":{"@type":"ImageObject","inLanguage":"de","@id":"https:\/\/www.ragdoll-liebe.de\/#\/schema\/person\/image\/","url":"https:\/\/secure.gravatar.com\/avatar\/3b7570659f7c7241bfc1a7a647df5730232376df67bad76790bf02f9b9c3bc44?s=96&d=mm&r=g","contentUrl":"https:\/\/secure.gravatar.com\/avatar\/3b7570659f7c7241bfc1a7a647df5730232376df67bad76790bf02f9b9c3bc44?s=96&d=mm&r=g","caption":"Sieanna"},"logo":{"@id":"https:\/\/www.ragdoll-liebe.de\/#\/schema\/person\/image\/"},"sameAs":["https:\/\/www.ragdoll-liebe.de"]}]}},"_links":{"self":[{"href":"https:\/\/www.ragdoll-liebe.de\/index.php\/wp-json\/wp\/v2\/pages\/56","targetHints":{"allow":["GET"]}}],"collection":[{"href":"https:\/\/www.ragdoll-liebe.de\/index.php\/wp-json\/wp\/v2\/pages"}],"about":[{"href":"https:\/\/www.ragdoll-liebe.de\/index.php\/wp-json\/wp\/v2\/types\/page"}],"author":[{"embeddable":true,"href":"https:\/\/www.ragdoll-liebe.de\/index.php\/wp-json\/wp\/v2\/users\/1"}],"replies":[{"embeddable":true,"href":"https:\/\/www.ragdoll-liebe.de\/index.php\/wp-json\/wp\/v2\/comments?post=56"}],"version-history":[{"count":3,"href":"https:\/\/www.ragdoll-liebe.de\/index.php\/wp-json\/wp\/v2\/pages\/56\/revisions"}],"predecessor-version":[{"id":576,"href":"https:\/\/www.ragdoll-liebe.de\/index.php\/wp-json\/wp\/v2\/pages\/56\/revisions\/576"}],"wp:attachment":[{"href":"https:\/\/www.ragdoll-liebe.de\/index.php\/wp-json\/wp\/v2\/media?parent=56"}],"curies":[{"name":"wp","href":"https:\/\/api.w.org\/{rel}","templated":true}]}}